{"id":2,"date":"2025-10-11T20:22:39","date_gmt":"2025-10-11T20:22:39","guid":{"rendered":"http:\/\/bitcognac.fr\/?page_id=2"},"modified":"2025-10-17T19:40:43","modified_gmt":"2025-10-17T17:40:43","slug":"sample-page","status":"publish","type":"page","link":"https:\/\/bitcognac.fr\/index.php\/sample-page\/","title":{"rendered":"Une monnaie moderne au service de la France \u00e9ternelle"},"content":{"rendered":"\n<p>Dans un monde o\u00f9 les syst\u00e8mes financiers traditionnels sont de plus en plus soumis aux caprices des politiques et aux app\u00e9tits voraces des march\u00e9s financiers, il est temps pour la France de se r\u00e9approprier sa souverainet\u00e9 \u00e9conomique. Le BitCognac se pr\u00e9sente comme la solution audacieuse et innovante pour lib\u00e9rer la France de la m\u00e9diocrit\u00e9 des politiques, de l&rsquo;imp\u00e9rialisme de l&rsquo;Union europ\u00e9enne et des cha\u00eenes des institutions financi\u00e8res internationales. Le BitCognac est bien plus qu&rsquo;une cryptomonnaie : c&rsquo;est un symbole de r\u00e9sistance, d&rsquo;ind\u00e9pendance et de fiert\u00e9 nationale.<\/p>\n\n\n\n<p>Le BitCognac incarne l&rsquo;esprit de la France \u00e9ternelle, une nation fi\u00e8re de son histoire, de sa culture et de sa capacit\u00e9 \u00e0 innover. Notre vision est de cr\u00e9er une monnaie solide, nationale, qui serve les int\u00e9r\u00eats du peuple fran\u00e7ais et non ceux des \u00e9lites financi\u00e8res ou des bureaucrates europ\u00e9ens. Le BitCognac sera la pierre angulaire d&rsquo;une nouvelle \u00e8re de prosp\u00e9rit\u00e9 et de souverainet\u00e9 \u00e9conomique pour la France.<\/p>\n\n\n\n<p>La blockchain du BitCognac est con\u00e7ue pour \u00eatre totalement transparente et immuable. Chaque transaction est enregistr\u00e9e de mani\u00e8re ind\u00e9l\u00e9bile, garantissant ainsi une tra\u00e7abilit\u00e9 compl\u00e8te et une s\u00e9curit\u00e9 optimale. Des audits r\u00e9guliers sont effectu\u00e9s pour s&rsquo;assurer de l&rsquo;int\u00e9grit\u00e9 et de la robustesse de notre r\u00e9seau.<\/p>\n\n\n\n<p>Le BitCognac n&rsquo;est pas simplement une cryptomonnaie, c&rsquo;est un symbole de la r\u00e9surgence de la France. Dans un monde en proie \u00e0 l&rsquo;incertitude et \u00e0 l&rsquo;instabilit\u00e9, le BitCognac se dresse comme un phare de stabilit\u00e9 et de souverainet\u00e9. Il est temps pour la France de reprendre le contr\u00f4le de son destin \u00e9conomique, de se lib\u00e9rer des cha\u00eenes de l&rsquo;oppression financi\u00e8re et de s&rsquo;affirmer comme une nation ind\u00e9pendante et fi\u00e8re.<\/p>\n\n\n\n<p>Le BitCognac est la monnaie de la France \u00e9ternelle, une monnaie qui incarne les valeurs de libert\u00e9, d&rsquo;\u00e9galit\u00e9 et de fraternit\u00e9. C&rsquo;est une monnaie pour le peuple, par le peuple, et qui servira toujours les int\u00e9r\u00eats du peuple fran\u00e7ais. Rejoignez-nous dans cette aventure historique et ensemble, b\u00e2tissons un avenir meilleur pour la France.<\/p>\n","protected":false},"excerpt":{"rendered":"<p>Dans un monde o\u00f9 les syst\u00e8mes financiers traditionnels sont de plus en plus soumis aux caprices des politiques et aux app\u00e9tits voraces des march\u00e9s financiers, il est temps pour la France de se r\u00e9approprier sa souverainet\u00e9 \u00e9conomique. Le BitCognac se pr\u00e9sente comme la solution audacieuse et innovante pour lib\u00e9rer la France de la m\u00e9diocrit\u00e9 des [&hellip;]<\/p>\n","protected":false},"author":1,"featured_media":8,"parent":0,"menu_order":0,"comment_status":"closed","ping_status":"open","template":"","meta":{"footnotes":""},"class_list":["post-2","page","type-page","status-publish","has-post-thumbnail","hentry"],"_links":{"self":[{"href":"https:\/\/bitcognac.fr\/index.php\/wp-json\/wp\/v2\/pages\/2","targetHints":{"allow":["GET"]}}],"collection":[{"href":"https:\/\/bitcognac.fr\/index.php\/wp-json\/wp\/v2\/pages"}],"about":[{"href":"https:\/\/bitcognac.fr\/index.php\/wp-json\/wp\/v2\/types\/page"}],"author":[{"embeddable":true,"href":"https:\/\/bitcognac.fr\/index.php\/wp-json\/wp\/v2\/users\/1"}],"replies":[{"embeddable":true,"href":"https:\/\/bitcognac.fr\/index.php\/wp-json\/wp\/v2\/comments?post=2"}],"version-history":[{"count":2,"href":"https:\/\/bitcognac.fr\/index.php\/wp-json\/wp\/v2\/pages\/2\/revisions"}],"predecessor-version":[{"id":10,"href":"https:\/\/bitcognac.fr\/index.php\/wp-json\/wp\/v2\/pages\/2\/revisions\/10"}],"wp:featuredmedia":[{"embeddable":true,"href":"https:\/\/bitcognac.fr\/index.php\/wp-json\/wp\/v2\/media\/8"}],"wp:attachment":[{"href":"https:\/\/bitcognac.fr\/index.php\/wp-json\/wp\/v2\/media?parent=2"}],"curies":[{"name":"wp","href":"https:\/\/api.w.org\/{rel}","templated":true}]}}